{"id":20,"date":"2017-09-26T19:03:41","date_gmt":"2017-09-26T19:03:41","guid":{"rendered":"http:\/\/blog.norderschwei.de\/?page_id=20"},"modified":"2021-01-30T14:38:53","modified_gmt":"2021-01-30T14:38:53","slug":"about","status":"publish","type":"page","link":"http:\/\/blog.norderschwei.de\/?page_id=20","title":{"rendered":"About"},"content":{"rendered":"<p class=\"auto-style11\">Wir sind Kirsten und Markus. Wir sind seit dem 21.5.1997 ein Paar und seit dem 2.2.2000 verheiratet.<\/p>\n<p class=\"auto-style11\">Kirsten ist ZMF &#8211; ZahnMedizinische Fachassistentin &#8211; und ich System Engineer.<\/p>\n<p class=\"auto-style11\">Mit uns zusammen leben Kojo &#8211; ein Rhodesian Ridgeback, 14 H\u00fchner und massig Malawi-Barsche und Welse.<\/p>\n<p class=\"auto-style11\">Unsere gemeinsamen Hobbys sind unser Haus, den Garten versch\u00f6nern und nat\u00fcrlich unser Hund. Wobei letzterer gerade unter Gartenversch\u00f6nern andere Vorstellungen hat als wir :-\/<\/p>\n<p class=\"auto-style11\">Wir leben den normalen Wahnsinn und sind gl\u00fccklich dabei ;-D<\/p>\n","protected":false},"excerpt":{"rendered":"<p>Wir sind Kirsten und Markus. Wir sind seit dem 21.5.1997 ein Paar und seit dem 2.2.2000 verheiratet. Kirsten ist ZMF &#8211; ZahnMedizinische Fachassistentin &#8211; und<\/p>\n","protected":false},"author":1,"featured_media":0,"parent":0,"menu_order":1,"comment_status":"closed","ping_status":"closed","template":"","meta":{"footnotes":""},"class_list":["post-20","page","type-page","status-publish","hentry"],"_links":{"self":[{"href":"http:\/\/blog.norderschwei.de\/index.php?rest_route=\/wp\/v2\/pages\/20","targetHints":{"allow":["GET"]}}],"collection":[{"href":"http:\/\/blog.norderschwei.de\/index.php?rest_route=\/wp\/v2\/pages"}],"about":[{"href":"http:\/\/blog.norderschwei.de\/index.php?rest_route=\/wp\/v2\/types\/page"}],"author":[{"embeddable":true,"href":"http:\/\/blog.norderschwei.de\/index.php?rest_route=\/wp\/v2\/users\/1"}],"replies":[{"embeddable":true,"href":"http:\/\/blog.norderschwei.de\/index.php?rest_route=%2Fwp%2Fv2%2Fcomments&post=20"}],"version-history":[{"count":4,"href":"http:\/\/blog.norderschwei.de\/index.php?rest_route=\/wp\/v2\/pages\/20\/revisions"}],"predecessor-version":[{"id":208,"href":"http:\/\/blog.norderschwei.de\/index.php?rest_route=\/wp\/v2\/pages\/20\/revisions\/208"}],"wp:attachment":[{"href":"http:\/\/blog.norderschwei.de\/index.php?rest_route=%2Fwp%2Fv2%2Fmedia&parent=20"}],"curies":[{"name":"wp","href":"https:\/\/api.w.org\/{rel}","templated":true}]}}